{"id":2131,"date":"2018-09-24T15:32:35","date_gmt":"2018-09-24T15:32:35","guid":{"rendered":"http:\/\/mfroll.com\/www\/directors-copy\/"},"modified":"2018-09-26T15:47:31","modified_gmt":"2018-09-26T15:47:31","slug":"producers","status":"publish","type":"page","link":"http:\/\/mfroll.com\/www\/es\/producers\/","title":{"rendered":"PRODUCTORES"},"content":{"rendered":"[vc_row type=\u00bbin_container\u00bb full_screen_row_position=\u00bbmiddle\u00bb scene_position=\u00bbcenter\u00bb text_color=\u00bbdark\u00bb text_align=\u00bbleft\u00bb overlay_strength=\u00bb0.3&#8243;][vc_column column_padding=\u00bbno-extra-padding\u00bb column_padding_position=\u00bball\u00bb background_color_opacity=\u00bb1&#8243; background_hover_color_opacity=\u00bb1&#8243; column_shadow=\u00bbnone\u00bb width=\u00bb1\/1&#8243; tablet_text_alignment=\u00bbdefault\u00bb phone_text_alignment=\u00bbdefault\u00bb column_border_width=\u00bbnone\u00bb column_border_style=\u00bbsolid\u00bb][vc_row_inner column_margin=\u00bbnone\u00bb text_align=\u00bbleft\u00bb css=\u00bb.vc_custom_1527880969999{margin-right: 0px !important;margin-left: 0px !important;border-right-width: 0px !important;border-left-width: 0px !important;padding-right: 0px !important;padding-left: 0px !important;}\u00bb][vc_column_inner column_padding=\u00bbno-extra-padding\u00bb column_padding_position=\u00bball\u00bb background_color_opacity=\u00bb1&#8243; width=\u00bb1\/3&#8243; column_border_width=\u00bbnone\u00bb column_border_style=\u00bbsolid\u00bb][team_member image_url=\u00bb2187&#8243; bio_image_url=\u00bb2187&#8243; team_memeber_style=\u00bbbio_fullscreen\u00bb name=\u00bbFlavio Dumaine\u00bb job_position=\u00bbProductor Ejecutivo &amp; Socio\u00bb team_member_bio=\u00bbDirector, m\u00fasico y productor a lo largo del continente Americano con m\u00e1s de 25 a\u00f1os de trayectoria. Flavio inici\u00f3 su carrera muy j\u00f3ven como editor y dise\u00f1ador de efectos digitales, llegando a ser hoy una reconocida figura del mundo de los efectos especiales y motion graphics. Comparti\u00f3 su magia en proyectos de David Copperfield y su innovaci\u00f3n con Diego Maradona, entre otras personalidades. Siempre se destac\u00f3 por trabajar en la intersecci\u00f3n del arte con la tecnolog\u00eda, lo cual le permiti\u00f3 ganar m\u00e1s de 30 premios internacionales de oro y otros materiales preciosos.\u00bb][\/vc_column_inner][vc_column_inner column_padding=\u00bbno-extra-padding\u00bb column_padding_position=\u00bball\u00bb background_color_opacity=\u00bb1&#8243; width=\u00bb1\/3&#8243; column_border_width=\u00bbnone\u00bb column_border_style=\u00bbsolid\u00bb][team_member image_url=\u00bb2189&#8243; bio_image_url=\u00bb2189&#8243; team_memeber_style=\u00bbbio_fullscreen\u00bb name=\u00bbMarcos Hern\u00e1ndez\u00bb job_position=\u00bbProductor Ejecutivo &amp; Socio\u00bb team_member_bio=\u00bbProductor internacional de reconocida experiencia. Por m\u00e1s de 18 a\u00f1os Marcos trabaj\u00f3 en las principales y reconocidas casas de producci\u00f3n de Argentina y particip\u00f3 en la producci\u00f3n de 400 comerciales con directores de todo el mundo, 2 largometrajes internacionales y premiadas series televisivas de HBO y RAI. Es graduado de la Escuela Nacional de Experimentaci\u00f3n y Realizaci\u00f3n Cinematografica del Instituto Nacional de Cine y Artes Audiovisuales como Director de Fotograf\u00eda. Tambi\u00e9n estudi\u00f3 Dise\u00f1o de Imagen y Sonido en la Escuela Panamericana de Arte y Dise\u00f1o.\u00bb][\/vc_column_inner][vc_column_inner column_padding=\u00bbno-extra-padding\u00bb column_padding_position=\u00bball\u00bb background_color_opacity=\u00bb1&#8243; width=\u00bb1\/3&#8243; column_border_width=\u00bbnone\u00bb column_border_style=\u00bbsolid\u00bb][team_member image_url=\u00bb2190&#8243; bio_image_url=\u00bb2190&#8243; team_memeber_style=\u00bbbio_fullscreen\u00bb name=\u00bbAlvaro Krupkin\u00bb job_position=\u00bbProductor Ejecutivo\u00bb team_member_bio=\u00bbCreatividad, direcci\u00f3n y producci\u00f3n en tres continentes a lo largo de 25 a\u00f1os de carrera. Ganador de m\u00e1s de 40 premios internacionales como Emmy, Clio, NY Festivals, Epica y Promax. Es Licenciado en Ciencias de la Comunicaci\u00f3n de la Universidad de Buenos Aires y egresado de la Asociaci\u00f3n Argentina de Agencias de Publicidad. Alvaro tiene talento para conectar ideas con resultados. Colabor\u00f3 en proyectos con celebridades de Hollywood como John Travolta, Nicole Kidman, Dustin Hoffman, jugadores de f\u00fatbol de los principales clubes europeos, tenistas top ten, estrellas de la NBA y campeones Ol\u00edmpicos.\u00bb][\/vc_column_inner][\/vc_row_inner][\/vc_column][\/vc_row]","protected":false},"excerpt":{"rendered":"<p>[vc_row type=\u00bbin_container\u00bb full_screen_row_position=\u00bbmiddle\u00bb scene_position=\u00bbcenter\u00bb text_color=\u00bbdark\u00bb text_align=\u00bbleft\u00bb overlay_strength=\u00bb0.3&#8243;][vc_column column_padding=\u00bbno-extra-padding\u00bb column_padding_position=\u00bball\u00bb background_color_opacity=\u00bb1&#8243; background_hover_color_opacity=\u00bb1&#8243; column_shadow=\u00bbnone\u00bb width=\u00bb1\/1&#8243; tablet_text_alignment=\u00bbdefault\u00bb phone_text_alignment=\u00bbdefault\u00bb column_border_width=\u00bbnone\u00bb column_border_style=\u00bbsolid\u00bb][vc_row_inner column_margin=\u00bbnone\u00bb text_align=\u00bbleft\u00bb css=\u00bb.vc_custom_1527880969999{margin-right: 0px !important;margin-left: 0px !important;border-right-width: 0px !important;border-left-width: 0px !important;padding-right: 0px !important;padding-left:&#8230;<\/p>\n","protected":false},"author":1,"featured_media":0,"parent":0,"menu_order":0,"comment_status":"closed","ping_status":"closed","template":"","meta":{"footnotes":""},"class_list":["post-2131","page","type-page","status-publish"],"_links":{"self":[{"href":"http:\/\/mfroll.com\/www\/es\/wp-json\/wp\/v2\/pages\/2131","targetHints":{"allow":["GET"]}}],"collection":[{"href":"http:\/\/mfroll.com\/www\/es\/wp-json\/wp\/v2\/pages"}],"about":[{"href":"http:\/\/mfroll.com\/www\/es\/wp-json\/wp\/v2\/types\/page"}],"author":[{"embeddable":true,"href":"http:\/\/mfroll.com\/www\/es\/wp-json\/wp\/v2\/users\/1"}],"replies":[{"embeddable":true,"href":"http:\/\/mfroll.com\/www\/es\/wp-json\/wp\/v2\/comments?post=2131"}],"version-history":[{"count":5,"href":"http:\/\/mfroll.com\/www\/es\/wp-json\/wp\/v2\/pages\/2131\/revisions"}],"predecessor-version":[{"id":2252,"href":"http:\/\/mfroll.com\/www\/es\/wp-json\/wp\/v2\/pages\/2131\/revisions\/2252"}],"wp:attachment":[{"href":"http:\/\/mfroll.com\/www\/es\/wp-json\/wp\/v2\/media?parent=2131"}],"curies":[{"name":"wp","href":"https:\/\/api.w.org\/{rel}","templated":true}]}}