{"id":2141,"date":"2018-09-24T18:47:01","date_gmt":"2018-09-24T18:47:01","guid":{"rendered":"http:\/\/mfroll.com\/www\/directors\/riki-saul-copy\/"},"modified":"2020-12-21T13:36:31","modified_gmt":"2020-12-21T13:36:31","slug":"patricio-sadovskis","status":"publish","type":"page","link":"http:\/\/mfroll.com\/www\/es\/photography\/patricio-sadovskis\/","title":{"rendered":"PATRICIO SADOVSKIS"},"content":{"rendered":"[vc_row type=\u00bbin_container\u00bb full_screen_row_position=\u00bbmiddle\u00bb equal_height=\u00bbyes\u00bb content_placement=\u00bbmiddle\u00bb full_height=\u00bbyes\u00bb columns_placement=\u00bbstretch\u00bb bg_color=\u00bb#ef4035&#8243; scene_position=\u00bbcenter\u00bb text_color=\u00bblight\u00bb text_align=\u00bbleft\u00bb overlay_strength=\u00bb0.3&#8243;][vc_column column_padding=\u00bbpadding-10-percent\u00bb column_padding_position=\u00bball\u00bb background_color_opacity=\u00bb1&#8243; background_hover_color_opacity=\u00bb1&#8243; column_shadow=\u00bbnone\u00bb width=\u00bb2\/3&#8243; tablet_text_alignment=\u00bbdefault\u00bb phone_text_alignment=\u00bbdefault\u00bb column_border_width=\u00bbnone\u00bb column_border_style=\u00bbsolid\u00bb][vc_row_inner column_margin=\u00bbdefault\u00bb text_align=\u00bbleft\u00bb][vc_column_inner enable_animation=\u00bbtrue\u00bb animation=\u00bbfade-in-from-bottom\u00bb column_padding=\u00bbno-extra-padding\u00bb column_padding_position=\u00bball\u00bb background_color_opacity=\u00bb1&#8243; width=\u00bb2\/3&#8243; column_border_width=\u00bbnone\u00bb column_border_style=\u00bbsolid\u00bb][vc_custom_heading text=\u00bbFot\u00f3grafo\u00bb font_container=\u00bbtag:h5|text_align:left|color:%230a0a0a\u00bb use_theme_fonts=\u00bbyes\u00bb css=\u00bb.vc_custom_1537976658375{margin-bottom: 10px !important;}\u00bb][\/vc_column_inner][vc_column_inner column_padding=\u00bbno-extra-padding\u00bb column_padding_position=\u00bball\u00bb background_color_opacity=\u00bb1&#8243; width=\u00bb1\/3&#8243; column_border_width=\u00bbnone\u00bb column_border_style=\u00bbsolid\u00bb][\/vc_column_inner][\/vc_row_inner][vc_row_inner column_margin=\u00bbdefault\u00bb text_align=\u00bbleft\u00bb][vc_column_inner enable_animation=\u00bbtrue\u00bb animation=\u00bbfade-in-from-bottom\u00bb column_padding=\u00bbno-extra-padding\u00bb column_padding_position=\u00bball\u00bb background_color_opacity=\u00bb1&#8243; width=\u00bb1\/1&#8243; column_border_width=\u00bbnone\u00bb column_border_style=\u00bbsolid\u00bb delay=\u00bb100&#8243;][vc_custom_heading text=\u00bbPatricio Sadovskis\u00bb font_container=\u00bbtag:h2|font_size:40|text_align:left|line_height:50px\u00bb use_theme_fonts=\u00bbyes\u00bb][\/vc_column_inner][\/vc_row_inner][vc_row_inner column_margin=\u00bbdefault\u00bb text_align=\u00bbleft\u00bb][vc_column_inner enable_animation=\u00bbtrue\u00bb animation=\u00bbfade-in-from-bottom\u00bb column_padding=\u00bbno-extra-padding\u00bb column_padding_position=\u00bball\u00bb background_color_opacity=\u00bb1&#8243; font_color=\u00bb#0a0a0a\u00bb width=\u00bb1\/1&#8243; column_border_width=\u00bbnone\u00bb column_border_style=\u00bbsolid\u00bb delay=\u00bb200&#8243;][vc_column_text css=\u00bb.vc_custom_1537976670986{margin-top: 30px !important;margin-bottom: 30px !important;}\u00bb]\n<div id=\"biogphoto\">\n<div id=\"biogphoto\"><strong>Patricio Sadovskis<\/strong>\u00a0naci\u00f3 y se cri\u00f3 en Buenos Aires, Argentina el 21 de febrero de 1978. Viene de una familia de clase trabajadora. A una temprana edad Patricio sab\u00eda que no quer\u00eda hacer una carrera tradicional, \u00e9l quer\u00eda ser un artista.<br \/>\nA los 16 a\u00f1os comenz\u00f3 a trabajar en la industria de la televisi\u00f3n. All\u00ed aprendi\u00f3 los primeros pasos.<br \/>\nEn 2000 Patricio parti\u00f3 de Buenos Aires, y vivi\u00f3 en varias ciudades como Barcelona, Madrid y Londres durante 9 a\u00f1os. En 2008 present\u00f3 su primera exposici\u00f3n en Espa\u00f1a, \u00abDecortactiva\u00bb. All\u00ed mostrar\u00e1 fotograf\u00edas de su visi\u00f3n de diversos lugares, ciudades y pa\u00edses.<br \/>\n\u00abLevitar\u00bb fue su segunda exposici\u00f3n en la que aparece su fotograf\u00eda de trabajar con la Compa\u00f1\u00eda de Ballet del Teatro Col\u00f3n de Buenos Aires.<br \/>\nSiguiendo los pasos de su abuelo, que era un fot\u00f3grafo de \u00e9xito en los a\u00f1os 80, Patricio nunca dej\u00f3 de investigar t\u00e9cnicas innovadoras en fotograf\u00eda, video y postproducci\u00f3n.<br \/>\nEn 2009 regres\u00f3 a Argentina y construy\u00f3 Plexoprod.com &#8211; una compa\u00f1\u00eda de producci\u00f3n, especializada en ATL y BTL. Despu\u00e9s de un tiempo se di\u00f3 cuenta de que era hora de ampliar y mostrar su talento al mundo.<br \/>\nEn 2012, tuvo el honor de ser juez en el Festival de Cortometrajes de Miami. Fue entonces que decidi\u00f3 permanecer en los Estados Unidos y llevar su carrera a otro nivel.<br \/>\nHoy en d\u00eda, su trabajo como fot\u00f3grafo y director de cine es conocido en muchos pa\u00edses gracias a las oportunidades que se le han cruzado en su camino.<\/div>\n<\/div>\n[\/vc_column_text][\/vc_column_inner][\/vc_row_inner][\/vc_column][vc_column enable_animation=\u00bbtrue\u00bb animation=\u00bbfade-in-from-left\u00bb column_padding=\u00bbno-extra-padding\u00bb column_padding_position=\u00bball\u00bb background_color_opacity=\u00bb1&#8243; background_hover_color_opacity=\u00bb1&#8243; background_image=\u00bb2196&#8243; enable_bg_scale=\u00bbtrue\u00bb column_shadow=\u00bbnone\u00bb width=\u00bb1\/3&#8243; tablet_text_alignment=\u00bbdefault\u00bb phone_text_alignment=\u00bbdefault\u00bb column_border_width=\u00bbnone\u00bb column_border_style=\u00bbsolid\u00bb delay=\u00bb300&#8243;][\/vc_column][\/vc_row][vc_row type=\u00bbin_container\u00bb full_screen_row_position=\u00bbmiddle\u00bb bg_color=\u00bb#000000&#8243; scene_position=\u00bbcenter\u00bb text_color=\u00bbdark\u00bb text_align=\u00bbcenter\u00bb overlay_strength=\u00bb0.3&#8243;][vc_column column_padding=\u00bbno-extra-padding\u00bb column_padding_position=\u00bball\u00bb background_color_opacity=\u00bb1&#8243; background_hover_color_opacity=\u00bb1&#8243; column_shadow=\u00bbnone\u00bb width=\u00bb1\/1&#8243; tablet_text_alignment=\u00bbdefault\u00bb phone_text_alignment=\u00bbdefault\u00bb column_border_width=\u00bbnone\u00bb column_border_style=\u00bbsolid\u00bb][vc_raw_html css=\u00bb.vc_custom_1537973120413{padding-top: 50px !important;}\u00bb]JTNDaWZyYW1lJTIwc3JjJTNEJTIyaHR0cCUzQSUyRiUyRm1mcm9sbC5jb20lMkZwaG90b2dyYXBoeSUyRnBhdHJpY2lvc2Fkb3Zza2lzLmh0bWwlMjIlMjB3aWR0aCUzRCUyMjg1MHB4JTIyJTIwaGVpZ2h0JTNEJTIyNjAwcHglMjIlM0UlM0MlMkZpZnJhbWUlM0U=[\/vc_raw_html][\/vc_column][\/vc_row]","protected":false},"excerpt":{"rendered":"<p>[vc_row type=\u00bbin_container\u00bb full_screen_row_position=\u00bbmiddle\u00bb equal_height=\u00bbyes\u00bb content_placement=\u00bbmiddle\u00bb full_height=\u00bbyes\u00bb columns_placement=\u00bbstretch\u00bb bg_color=\u00bb#ef4035&#8243; scene_position=\u00bbcenter\u00bb text_color=\u00bblight\u00bb text_align=\u00bbleft\u00bb overlay_strength=\u00bb0.3&#8243;][vc_column column_padding=\u00bbpadding-10-percent\u00bb column_padding_position=\u00bball\u00bb background_color_opacity=\u00bb1&#8243; background_hover_color_opacity=\u00bb1&#8243; column_shadow=\u00bbnone\u00bb width=\u00bb2\/3&#8243; tablet_text_alignment=\u00bbdefault\u00bb phone_text_alignment=\u00bbdefault\u00bb column_border_width=\u00bbnone\u00bb column_border_style=\u00bbsolid\u00bb][vc_row_inner column_margin=\u00bbdefault\u00bb text_align=\u00bbleft\u00bb][vc_column_inner enable_animation=\u00bbtrue\u00bb animation=\u00bbfade-in-from-bottom\u00bb column_padding=\u00bbno-extra-padding\u00bb column_padding_position=\u00bball\u00bb background_color_opacity=\u00bb1&#8243; width=\u00bb2\/3&#8243;&#8230;<\/p>\n","protected":false},"author":1,"featured_media":0,"parent":2133,"menu_order":0,"comment_status":"closed","ping_status":"closed","template":"","meta":{"footnotes":""},"class_list":["post-2141","page","type-page","status-publish"],"_links":{"self":[{"href":"http:\/\/mfroll.com\/www\/es\/wp-json\/wp\/v2\/pages\/2141","targetHints":{"allow":["GET"]}}],"collection":[{"href":"http:\/\/mfroll.com\/www\/es\/wp-json\/wp\/v2\/pages"}],"about":[{"href":"http:\/\/mfroll.com\/www\/es\/wp-json\/wp\/v2\/types\/page"}],"author":[{"embeddable":true,"href":"http:\/\/mfroll.com\/www\/es\/wp-json\/wp\/v2\/users\/1"}],"replies":[{"embeddable":true,"href":"http:\/\/mfroll.com\/www\/es\/wp-json\/wp\/v2\/comments?post=2141"}],"version-history":[{"count":7,"href":"http:\/\/mfroll.com\/www\/es\/wp-json\/wp\/v2\/pages\/2141\/revisions"}],"predecessor-version":[{"id":2432,"href":"http:\/\/mfroll.com\/www\/es\/wp-json\/wp\/v2\/pages\/2141\/revisions\/2432"}],"up":[{"embeddable":true,"href":"http:\/\/mfroll.com\/www\/es\/wp-json\/wp\/v2\/pages\/2133"}],"wp:attachment":[{"href":"http:\/\/mfroll.com\/www\/es\/wp-json\/wp\/v2\/media?parent=2141"}],"curies":[{"name":"wp","href":"https:\/\/api.w.org\/{rel}","templated":true}]}}