{"id":2142,"date":"2018-09-24T18:47:08","date_gmt":"2018-09-24T18:47:08","guid":{"rendered":"http:\/\/mfroll.com\/www\/directors\/riki-saul-copy-copy\/"},"modified":"2020-12-21T13:36:16","modified_gmt":"2020-12-21T13:36:16","slug":"charlie-mainardi","status":"publish","type":"page","link":"http:\/\/mfroll.com\/www\/es\/photography\/charlie-mainardi\/","title":{"rendered":"CHARLIE MAINARDI"},"content":{"rendered":"[vc_row type=\u00bbin_container\u00bb full_screen_row_position=\u00bbmiddle\u00bb equal_height=\u00bbyes\u00bb content_placement=\u00bbmiddle\u00bb full_height=\u00bbyes\u00bb columns_placement=\u00bbstretch\u00bb bg_color=\u00bb#ef4035&#8243; scene_position=\u00bbcenter\u00bb text_color=\u00bblight\u00bb text_align=\u00bbleft\u00bb overlay_strength=\u00bb0.3&#8243;][vc_column column_padding=\u00bbpadding-10-percent\u00bb column_padding_position=\u00bball\u00bb background_color_opacity=\u00bb1&#8243; background_hover_color_opacity=\u00bb1&#8243; column_shadow=\u00bbnone\u00bb width=\u00bb2\/3&#8243; tablet_text_alignment=\u00bbdefault\u00bb phone_text_alignment=\u00bbdefault\u00bb column_border_width=\u00bbnone\u00bb column_border_style=\u00bbsolid\u00bb][vc_row_inner column_margin=\u00bbdefault\u00bb text_align=\u00bbleft\u00bb][vc_column_inner enable_animation=\u00bbtrue\u00bb animation=\u00bbfade-in-from-bottom\u00bb column_padding=\u00bbno-extra-padding\u00bb column_padding_position=\u00bball\u00bb background_color_opacity=\u00bb1&#8243; width=\u00bb2\/3&#8243; column_border_width=\u00bbnone\u00bb column_border_style=\u00bbsolid\u00bb][vc_custom_heading text=\u00bbFot\u00f3grafo\u00bb font_container=\u00bbtag:h5|text_align:left|color:%230a0a0a\u00bb use_theme_fonts=\u00bbyes\u00bb css=\u00bb.vc_custom_1537976633864{margin-bottom: 10px !important;}\u00bb][\/vc_column_inner][vc_column_inner column_padding=\u00bbno-extra-padding\u00bb column_padding_position=\u00bball\u00bb background_color_opacity=\u00bb1&#8243; width=\u00bb1\/3&#8243; column_border_width=\u00bbnone\u00bb column_border_style=\u00bbsolid\u00bb][\/vc_column_inner][\/vc_row_inner][vc_row_inner column_margin=\u00bbdefault\u00bb text_align=\u00bbleft\u00bb][vc_column_inner enable_animation=\u00bbtrue\u00bb animation=\u00bbfade-in-from-bottom\u00bb column_padding=\u00bbno-extra-padding\u00bb column_padding_position=\u00bball\u00bb background_color_opacity=\u00bb1&#8243; width=\u00bb1\/1&#8243; column_border_width=\u00bbnone\u00bb column_border_style=\u00bbsolid\u00bb delay=\u00bb100&#8243;][vc_custom_heading text=\u00bbCharlie Mainardi\u00bb font_container=\u00bbtag:h2|font_size:40|text_align:left|line_height:50px\u00bb use_theme_fonts=\u00bbyes\u00bb][\/vc_column_inner][\/vc_row_inner][vc_row_inner column_margin=\u00bbdefault\u00bb text_align=\u00bbleft\u00bb][vc_column_inner enable_animation=\u00bbtrue\u00bb animation=\u00bbfade-in-from-bottom\u00bb column_padding=\u00bbno-extra-padding\u00bb column_padding_position=\u00bball\u00bb background_color_opacity=\u00bb1&#8243; font_color=\u00bb#0a0a0a\u00bb width=\u00bb1\/1&#8243; column_border_width=\u00bbnone\u00bb column_border_style=\u00bbsolid\u00bb delay=\u00bb200&#8243;][vc_column_text css=\u00bb.vc_custom_1537976622589{margin-top: 30px !important;margin-bottom: 30px !important;}\u00bb]<strong>Charlie Mainardi<\/strong>\u00a0inici\u00f3 su carrera como fot\u00f3grafo hace mas de 25 a\u00f1os pero no qued\u00f3 solo con eso, r\u00e1pidamente su talento y capacidades lo llevaron a dirigir comerciales y mas tarde a producir largometrajes que fueron estrenados en las salas mas convocantes del pa\u00eds e inclusive, a estrenarse internacionalmente. Hoy es convocado para proyectos tan diversos como \u00e9l. En sus comienzos en la fotograf\u00eda publicitar\u00eda trabaj\u00f3 para marcas como Ford, Renault, Mercedes Benz, Volkswagen tanto en Argentina como en Europa, los Estados Unidos y Asia, en lo que respecta a autom\u00f3viles, una de sus especialidades, por la que es buscado de todas partes del mundo para plasmar con un estilo \u00fanico los veh\u00edculos de mas alta gama del mercado. Tambi\u00e9n adquiri\u00f3 gran experiencia y trabaja con especial dedicaci\u00f3n en el \u00e1rea de belleza y comida, que requieren del m\u00e1ximo detalle y cuidado.<br \/>\nLlegar\u00eda el momento de las fotos en movimiento y un desaf\u00edo profesional a superar, el cual hizo con todo \u00e9xito para Toyota, obteniendo el premio a mejor comercial de auto del a\u00f1o en M\u00e9xico, lo cual marcar\u00eda un antes y despu\u00e9s en su carrera profesional y particularmente con \u00abCoca Cola para todos\u00bb uno de los comerciales mas premiados internacionalmente. Desde entonces cosecha premios aqu\u00ed y en el mundo siendo representado en USA, Chile, M\u00e9xico, Ecuador, Venezuela, Colombia, Per\u00fa y en Buenos Aires desde Pocha producciones, su propia compa\u00f1\u00eda.<br \/>\nEn cine ha participado como director de acci\u00f3n en \u00abLa leyenda\u00bb, en \u00abLa despedida\u00bb y \u00abCruzadas\u00bb. La comunicaci\u00f3n audiovisual tiene muchos canales de expresi\u00f3n y Charlie no queda fuera de ninguno de ellos, por lo cual tambi\u00e9n produjo un libro para Clar\u00edn junto a la Fundaci\u00f3n Pupi Zanetti, con los mejores deportistas de la Argentina y otro de La Isla Maciel. Por su diversidad y capacidad de adaptaci\u00f3n a los diversos desaf\u00edos se convirti\u00f3 en un referente audiovisual indiscutible.[\/vc_column_text][\/vc_column_inner][\/vc_row_inner][\/vc_column][vc_column enable_animation=\u00bbtrue\u00bb animation=\u00bbfade-in-from-left\u00bb column_padding=\u00bbno-extra-padding\u00bb column_padding_position=\u00bball\u00bb background_color_opacity=\u00bb1&#8243; background_hover_color_opacity=\u00bb1&#8243; background_image=\u00bb2198&#8243; enable_bg_scale=\u00bbtrue\u00bb column_shadow=\u00bbnone\u00bb width=\u00bb1\/3&#8243; tablet_text_alignment=\u00bbdefault\u00bb phone_text_alignment=\u00bbdefault\u00bb column_border_width=\u00bbnone\u00bb column_border_style=\u00bbsolid\u00bb delay=\u00bb300&#8243;][\/vc_column][\/vc_row][vc_row type=\u00bbin_container\u00bb full_screen_row_position=\u00bbmiddle\u00bb bg_color=\u00bb#000000&#8243; scene_position=\u00bbcenter\u00bb text_color=\u00bbdark\u00bb text_align=\u00bbcenter\u00bb overlay_strength=\u00bb0.3&#8243;][vc_column column_padding=\u00bbno-extra-padding\u00bb column_padding_position=\u00bball\u00bb background_color_opacity=\u00bb1&#8243; background_hover_color_opacity=\u00bb1&#8243; column_shadow=\u00bbnone\u00bb width=\u00bb1\/1&#8243; tablet_text_alignment=\u00bbdefault\u00bb phone_text_alignment=\u00bbdefault\u00bb column_border_width=\u00bbnone\u00bb column_border_style=\u00bbsolid\u00bb][vc_raw_html css=\u00bb.vc_custom_1537973298481{border-bottom-width: 50px !important;padding-top: 50px !important;}\u00bb]JTNDaWZyYW1lJTIwc3JjJTNEJTIyaHR0cCUzQSUyRiUyRm1mcm9sbC5jb20lMkZwaG90b2dyYXBoeSUyRmNoYXJsaWVtYWluYXJkaS5odG1sJTIyJTIwd2lkdGglM0QlMjI4NTBweCUyMiUyMGhlaWdodCUzRCUyMjUxNXB4JTIyJTNFJTNDJTJGaWZyYW1lJTNF[\/vc_raw_html][\/vc_column][\/vc_row]","protected":false},"excerpt":{"rendered":"<p>[vc_row type=\u00bbin_container\u00bb full_screen_row_position=\u00bbmiddle\u00bb equal_height=\u00bbyes\u00bb content_placement=\u00bbmiddle\u00bb full_height=\u00bbyes\u00bb columns_placement=\u00bbstretch\u00bb bg_color=\u00bb#ef4035&#8243; scene_position=\u00bbcenter\u00bb text_color=\u00bblight\u00bb text_align=\u00bbleft\u00bb overlay_strength=\u00bb0.3&#8243;][vc_column column_padding=\u00bbpadding-10-percent\u00bb column_padding_position=\u00bball\u00bb background_color_opacity=\u00bb1&#8243; background_hover_color_opacity=\u00bb1&#8243; column_shadow=\u00bbnone\u00bb width=\u00bb2\/3&#8243; tablet_text_alignment=\u00bbdefault\u00bb phone_text_alignment=\u00bbdefault\u00bb column_border_width=\u00bbnone\u00bb column_border_style=\u00bbsolid\u00bb][vc_row_inner column_margin=\u00bbdefault\u00bb text_align=\u00bbleft\u00bb][vc_column_inner enable_animation=\u00bbtrue\u00bb animation=\u00bbfade-in-from-bottom\u00bb column_padding=\u00bbno-extra-padding\u00bb column_padding_position=\u00bball\u00bb background_color_opacity=\u00bb1&#8243; width=\u00bb2\/3&#8243;&#8230;<\/p>\n","protected":false},"author":1,"featured_media":0,"parent":2133,"menu_order":0,"comment_status":"closed","ping_status":"closed","template":"","meta":{"footnotes":""},"class_list":["post-2142","page","type-page","status-publish"],"_links":{"self":[{"href":"http:\/\/mfroll.com\/www\/es\/wp-json\/wp\/v2\/pages\/2142","targetHints":{"allow":["GET"]}}],"collection":[{"href":"http:\/\/mfroll.com\/www\/es\/wp-json\/wp\/v2\/pages"}],"about":[{"href":"http:\/\/mfroll.com\/www\/es\/wp-json\/wp\/v2\/types\/page"}],"author":[{"embeddable":true,"href":"http:\/\/mfroll.com\/www\/es\/wp-json\/wp\/v2\/users\/1"}],"replies":[{"embeddable":true,"href":"http:\/\/mfroll.com\/www\/es\/wp-json\/wp\/v2\/comments?post=2142"}],"version-history":[{"count":9,"href":"http:\/\/mfroll.com\/www\/es\/wp-json\/wp\/v2\/pages\/2142\/revisions"}],"predecessor-version":[{"id":2431,"href":"http:\/\/mfroll.com\/www\/es\/wp-json\/wp\/v2\/pages\/2142\/revisions\/2431"}],"up":[{"embeddable":true,"href":"http:\/\/mfroll.com\/www\/es\/wp-json\/wp\/v2\/pages\/2133"}],"wp:attachment":[{"href":"http:\/\/mfroll.com\/www\/es\/wp-json\/wp\/v2\/media?parent=2142"}],"curies":[{"name":"wp","href":"https:\/\/api.w.org\/{rel}","templated":true}]}}