{"id":2143,"date":"2018-09-24T18:47:13","date_gmt":"2018-09-24T18:47:13","guid":{"rendered":"http:\/\/mfroll.com\/www\/directors\/riki-saul-copy-copy-copy\/"},"modified":"2020-12-21T13:36:04","modified_gmt":"2020-12-21T13:36:04","slug":"alejandro-borgese","status":"publish","type":"page","link":"http:\/\/mfroll.com\/www\/es\/photography\/alejandro-borgese\/","title":{"rendered":"ALEJANDRO BORGESE"},"content":{"rendered":"[vc_row type=\u00bbin_container\u00bb full_screen_row_position=\u00bbmiddle\u00bb equal_height=\u00bbyes\u00bb content_placement=\u00bbmiddle\u00bb full_height=\u00bbyes\u00bb columns_placement=\u00bbstretch\u00bb bg_color=\u00bb#ef4035&#8243; scene_position=\u00bbcenter\u00bb text_color=\u00bblight\u00bb text_align=\u00bbleft\u00bb overlay_strength=\u00bb0.3&#8243;][vc_column column_padding=\u00bbpadding-10-percent\u00bb column_padding_position=\u00bball\u00bb background_color_opacity=\u00bb1&#8243; background_hover_color_opacity=\u00bb1&#8243; column_shadow=\u00bbnone\u00bb width=\u00bb2\/3&#8243; tablet_text_alignment=\u00bbdefault\u00bb phone_text_alignment=\u00bbdefault\u00bb column_border_width=\u00bbnone\u00bb column_border_style=\u00bbsolid\u00bb][vc_row_inner column_margin=\u00bbdefault\u00bb text_align=\u00bbleft\u00bb][vc_column_inner enable_animation=\u00bbtrue\u00bb animation=\u00bbfade-in-from-bottom\u00bb column_padding=\u00bbno-extra-padding\u00bb column_padding_position=\u00bball\u00bb background_color_opacity=\u00bb1&#8243; width=\u00bb2\/3&#8243; column_border_width=\u00bbnone\u00bb column_border_style=\u00bbsolid\u00bb][vc_custom_heading text=\u00bbFot\u00f3grafo\u00bb font_container=\u00bbtag:h5|text_align:left|color:%230a0a0a\u00bb use_theme_fonts=\u00bbyes\u00bb css=\u00bb.vc_custom_1537976556231{margin-bottom: 10px !important;}\u00bb][\/vc_column_inner][vc_column_inner column_padding=\u00bbno-extra-padding\u00bb column_padding_position=\u00bball\u00bb background_color_opacity=\u00bb1&#8243; width=\u00bb1\/3&#8243; column_border_width=\u00bbnone\u00bb column_border_style=\u00bbsolid\u00bb][\/vc_column_inner][\/vc_row_inner][vc_row_inner column_margin=\u00bbdefault\u00bb text_align=\u00bbleft\u00bb][vc_column_inner enable_animation=\u00bbtrue\u00bb animation=\u00bbfade-in-from-bottom\u00bb column_padding=\u00bbno-extra-padding\u00bb column_padding_position=\u00bball\u00bb background_color_opacity=\u00bb1&#8243; width=\u00bb1\/1&#8243; column_border_width=\u00bbnone\u00bb column_border_style=\u00bbsolid\u00bb delay=\u00bb100&#8243;][vc_custom_heading text=\u00bbAlejandro Borgese\u00bb font_container=\u00bbtag:h2|font_size:40|text_align:left|line_height:50px\u00bb use_theme_fonts=\u00bbyes\u00bb][\/vc_column_inner][\/vc_row_inner][vc_row_inner column_margin=\u00bbdefault\u00bb text_align=\u00bbleft\u00bb][vc_column_inner enable_animation=\u00bbtrue\u00bb animation=\u00bbfade-in-from-bottom\u00bb column_padding=\u00bbno-extra-padding\u00bb column_padding_position=\u00bball\u00bb background_color_opacity=\u00bb1&#8243; font_color=\u00bb#0a0a0a\u00bb width=\u00bb1\/1&#8243; column_border_width=\u00bbnone\u00bb column_border_style=\u00bbsolid\u00bb delay=\u00bb200&#8243;][vc_column_text css=\u00bb.vc_custom_1537976603060{margin-top: 30px !important;margin-bottom: 30px !important;}\u00bb]<strong>Alejandro Borgese<\/strong>, nacido en 1970 en Mar del Plata, Argentina, tiene como especialidad la fotograf\u00eda publicitaria acompanada con una vasta experiencia editorial en el tema de la naturaleza. Su libro \u201cEverglades National Park\u201d goza de un amplio reconocimiento no s\u00f3lo en los Estados Unidos sino tambi\u00e9n en Europa, donde Borgese es adem\u00e1s representado como autor por la prestigiosa editorial Lunwerg Editores: Grupo Planeta.<br \/>\nAlejandro domina perfectamente lo que podr\u00edamos catalogar como fotograf\u00eda publicitaria al natural. Y es que cuando de plasmar la simpleza y naturalidad de la vida, sus ingredientes y paisajes, un fot\u00f3grafo de la talla internacional de Alejandro ayuda a cualquier equipo creativo a capturar la esencia desnuda y natural del mensaje, del sentimiento a provocar.<br \/>\nSu trabajo publicitario ha visto la luz en campa\u00f1as para Coca-Cola, Honda, American Express, Disney, HBO, entre otras. Su trabajo ha sido premiado en festivales como el FIAP en la categor\u00eda de Gr\u00e1fica por la campa\u00f1a Trident White, y en los ADDYS nacionales en las categor\u00edas de Gr\u00e1fica y Televisi\u00f3n, en tres oportunidades diferentes.<br \/>\nEn marzo de 2013, se incorpora al roster de Miami Film Roll, donde es representado para todo el mercado de los Estados Unidos.[\/vc_column_text][\/vc_column_inner][\/vc_row_inner][\/vc_column][vc_column enable_animation=\u00bbtrue\u00bb animation=\u00bbfade-in-from-left\u00bb column_padding=\u00bbno-extra-padding\u00bb column_padding_position=\u00bball\u00bb background_color_opacity=\u00bb1&#8243; background_hover_color_opacity=\u00bb1&#8243; background_image=\u00bb2200&#8243; enable_bg_scale=\u00bbtrue\u00bb column_shadow=\u00bbnone\u00bb width=\u00bb1\/3&#8243; tablet_text_alignment=\u00bbdefault\u00bb phone_text_alignment=\u00bbdefault\u00bb column_border_width=\u00bbnone\u00bb column_border_style=\u00bbsolid\u00bb delay=\u00bb300&#8243;][\/vc_column][\/vc_row][vc_row type=\u00bbin_container\u00bb full_screen_row_position=\u00bbmiddle\u00bb bg_color=\u00bb#000000&#8243; scene_position=\u00bbcenter\u00bb text_color=\u00bbdark\u00bb text_align=\u00bbcenter\u00bb overlay_strength=\u00bb0.3&#8243;][vc_column column_padding=\u00bbno-extra-padding\u00bb column_padding_position=\u00bball\u00bb background_color_opacity=\u00bb1&#8243; background_hover_color_opacity=\u00bb1&#8243; column_shadow=\u00bbnone\u00bb width=\u00bb1\/1&#8243; tablet_text_alignment=\u00bbdefault\u00bb phone_text_alignment=\u00bbdefault\u00bb column_border_width=\u00bbnone\u00bb column_border_style=\u00bbsolid\u00bb][vc_raw_html css=\u00bb.vc_custom_1537973076879{padding-top: 50px !important;}\u00bb]JTNDaWZyYW1lJTIwc3JjJTNEJTIyaHR0cCUzQSUyRiUyRm1mcm9sbC5jb20lMkZwaG90b2dyYXBoeSUyRmFsZWphbmRyb2Jvcmdlc2UuaHRtbCUyMiUyMHdpZHRoJTNEJTIyODUwcHglMjIlMjBoZWlnaHQlM0QlMjI2MDBweCUyMiUzRSUzQyUyRmlmcmFtZSUzRQ==[\/vc_raw_html][\/vc_column][\/vc_row]","protected":false},"excerpt":{"rendered":"<p>[vc_row type=\u00bbin_container\u00bb full_screen_row_position=\u00bbmiddle\u00bb equal_height=\u00bbyes\u00bb content_placement=\u00bbmiddle\u00bb full_height=\u00bbyes\u00bb columns_placement=\u00bbstretch\u00bb bg_color=\u00bb#ef4035&#8243; scene_position=\u00bbcenter\u00bb text_color=\u00bblight\u00bb text_align=\u00bbleft\u00bb overlay_strength=\u00bb0.3&#8243;][vc_column column_padding=\u00bbpadding-10-percent\u00bb column_padding_position=\u00bball\u00bb background_color_opacity=\u00bb1&#8243; background_hover_color_opacity=\u00bb1&#8243; column_shadow=\u00bbnone\u00bb width=\u00bb2\/3&#8243; tablet_text_alignment=\u00bbdefault\u00bb phone_text_alignment=\u00bbdefault\u00bb column_border_width=\u00bbnone\u00bb column_border_style=\u00bbsolid\u00bb][vc_row_inner column_margin=\u00bbdefault\u00bb text_align=\u00bbleft\u00bb][vc_column_inner enable_animation=\u00bbtrue\u00bb animation=\u00bbfade-in-from-bottom\u00bb column_padding=\u00bbno-extra-padding\u00bb column_padding_position=\u00bball\u00bb background_color_opacity=\u00bb1&#8243; width=\u00bb2\/3&#8243;&#8230;<\/p>\n","protected":false},"author":1,"featured_media":0,"parent":2133,"menu_order":0,"comment_status":"closed","ping_status":"closed","template":"","meta":{"footnotes":""},"class_list":["post-2143","page","type-page","status-publish"],"_links":{"self":[{"href":"http:\/\/mfroll.com\/www\/es\/wp-json\/wp\/v2\/pages\/2143","targetHints":{"allow":["GET"]}}],"collection":[{"href":"http:\/\/mfroll.com\/www\/es\/wp-json\/wp\/v2\/pages"}],"about":[{"href":"http:\/\/mfroll.com\/www\/es\/wp-json\/wp\/v2\/types\/page"}],"author":[{"embeddable":true,"href":"http:\/\/mfroll.com\/www\/es\/wp-json\/wp\/v2\/users\/1"}],"replies":[{"embeddable":true,"href":"http:\/\/mfroll.com\/www\/es\/wp-json\/wp\/v2\/comments?post=2143"}],"version-history":[{"count":7,"href":"http:\/\/mfroll.com\/www\/es\/wp-json\/wp\/v2\/pages\/2143\/revisions"}],"predecessor-version":[{"id":2430,"href":"http:\/\/mfroll.com\/www\/es\/wp-json\/wp\/v2\/pages\/2143\/revisions\/2430"}],"up":[{"embeddable":true,"href":"http:\/\/mfroll.com\/www\/es\/wp-json\/wp\/v2\/pages\/2133"}],"wp:attachment":[{"href":"http:\/\/mfroll.com\/www\/es\/wp-json\/wp\/v2\/media?parent=2143"}],"curies":[{"name":"wp","href":"https:\/\/api.w.org\/{rel}","templated":true}]}}