{"id":2144,"date":"2018-09-24T18:47:18","date_gmt":"2018-09-24T18:47:18","guid":{"rendered":"http:\/\/mfroll.com\/www\/directors\/riki-saul-copy-copy-copy-copy\/"},"modified":"2020-12-21T13:35:53","modified_gmt":"2020-12-21T13:35:53","slug":"juan-hitters","status":"publish","type":"page","link":"http:\/\/mfroll.com\/www\/es\/photography\/juan-hitters\/","title":{"rendered":"JUAN HITTERS"},"content":{"rendered":"[vc_row type=\u00bbin_container\u00bb full_screen_row_position=\u00bbmiddle\u00bb equal_height=\u00bbyes\u00bb content_placement=\u00bbmiddle\u00bb full_height=\u00bbyes\u00bb columns_placement=\u00bbstretch\u00bb bg_color=\u00bb#ef4035&#8243; scene_position=\u00bbcenter\u00bb text_color=\u00bblight\u00bb text_align=\u00bbleft\u00bb overlay_strength=\u00bb0.3&#8243;][vc_column column_padding=\u00bbpadding-10-percent\u00bb column_padding_position=\u00bball\u00bb background_color_opacity=\u00bb1&#8243; background_hover_color_opacity=\u00bb1&#8243; column_shadow=\u00bbnone\u00bb width=\u00bb2\/3&#8243; tablet_text_alignment=\u00bbdefault\u00bb phone_text_alignment=\u00bbdefault\u00bb column_border_width=\u00bbnone\u00bb column_border_style=\u00bbsolid\u00bb][vc_row_inner column_margin=\u00bbdefault\u00bb text_align=\u00bbleft\u00bb][vc_column_inner enable_animation=\u00bbtrue\u00bb animation=\u00bbfade-in-from-bottom\u00bb column_padding=\u00bbno-extra-padding\u00bb column_padding_position=\u00bball\u00bb background_color_opacity=\u00bb1&#8243; width=\u00bb2\/3&#8243; column_border_width=\u00bbnone\u00bb column_border_style=\u00bbsolid\u00bb][vc_custom_heading text=\u00bbFot\u00f3grafo\u00bb font_container=\u00bbtag:h5|text_align:left|color:%230a0a0a\u00bb use_theme_fonts=\u00bbyes\u00bb css=\u00bb.vc_custom_1537976487106{margin-bottom: 10px !important;}\u00bb][\/vc_column_inner][vc_column_inner column_padding=\u00bbno-extra-padding\u00bb column_padding_position=\u00bball\u00bb background_color_opacity=\u00bb1&#8243; width=\u00bb1\/3&#8243; column_border_width=\u00bbnone\u00bb column_border_style=\u00bbsolid\u00bb][\/vc_column_inner][\/vc_row_inner][vc_row_inner column_margin=\u00bbdefault\u00bb text_align=\u00bbleft\u00bb][vc_column_inner enable_animation=\u00bbtrue\u00bb animation=\u00bbfade-in-from-bottom\u00bb column_padding=\u00bbno-extra-padding\u00bb column_padding_position=\u00bball\u00bb background_color_opacity=\u00bb1&#8243; width=\u00bb1\/1&#8243; column_border_width=\u00bbnone\u00bb column_border_style=\u00bbsolid\u00bb delay=\u00bb100&#8243;][vc_custom_heading text=\u00bbJuan Hitters\u00bb font_container=\u00bbtag:h2|font_size:40|text_align:left|line_height:50px\u00bb use_theme_fonts=\u00bbyes\u00bb][\/vc_column_inner][\/vc_row_inner][vc_row_inner column_margin=\u00bbdefault\u00bb text_align=\u00bbleft\u00bb][vc_column_inner enable_animation=\u00bbtrue\u00bb animation=\u00bbfade-in-from-bottom\u00bb column_padding=\u00bbno-extra-padding\u00bb column_padding_position=\u00bball\u00bb background_color_opacity=\u00bb1&#8243; font_color=\u00bb#0a0a0a\u00bb width=\u00bb1\/1&#8243; column_border_width=\u00bbnone\u00bb column_border_style=\u00bbsolid\u00bb delay=\u00bb200&#8243;][vc_column_text css=\u00bb.vc_custom_1537976533528{margin-top: 30px !important;margin-bottom: 30px !important;}\u00bb]<strong>Juan Hitters<\/strong>\u00a0es fot\u00f3grafo internacional con 20 a\u00f1os de carrera en la tarea embellecer el mundo atrav\u00e9s de su mirada. Amante de la luz, Hitters sabe que cada nuevo proyecto le dar\u00e1 la oportunidad de aprender algo m\u00e1s acerca de la misma.<br \/>\nPsico-analista, Hitters desarroll\u00f3 una tremenda flexibilidad en la tem\u00e1tica de sus trabajos, fotografiando con similar maestr\u00eda modelos y celebrities, arquitectura y dise\u00f1o interior, producto y comidas, tanto dentro del estudio como on location.<br \/>\nHitters a venido prestando su mirada a prestigiosas empresas globales de la talla de Tenaris, Phaidon, Whirlpool, Unilever, Four Seasons, Pernod Ricard, etc, canales de TV (Fox, NatGeo, Telemundo, Am\u00e9rica TV, Discovery, Cosmopolitan TV, Televisa, etc), agencias de publicidad (Agulla &amp; Baccetti, VegaOlmosPonce, Leo Burnett) y m\u00e1s de doscientas publicaciones tales como Wallpaper, GQ, Vogue, New York Times, Travel &amp; Leisure, Elle y Time.<br \/>\nParalelamente a su fotograf\u00eda comercial, Hitters ha constru\u00eddo una obra fotogr\u00e1fica personal que forma parte de la Colecci\u00f3n Permanente del Museo Nacional de Bellas Artes de Buenos Aires y de la Biblioteca Nacional de Francia. Amante de la m\u00fasica, sus obras han servido para ilustrar cubiertas de discos para legendarios sellos de la talla de Deutsche Grammophon e ECM records de Alemania, BIS de Suecia, Naxos de Hong Kong y MA de California. Hitters ha fotografiado a cientos de figuras tales como Diego Maradona, Dino Saluzzi, Susana Gimenez, Eduardo Galeano, Alan Faena, Clorindo Testa, Mart\u00edn Churba, Susana Rinaldi, Les Luthiers, entre muchos otros.<br \/>\nPadre de dos hijos teen y casado con la hermosa e inteligente compa\u00f1era Lola,<br \/>\nJuan viaja todo lo que puede y alimenta sus ojos permanentemente.[\/vc_column_text][\/vc_column_inner][\/vc_row_inner][\/vc_column][vc_column enable_animation=\u00bbtrue\u00bb animation=\u00bbfade-in-from-left\u00bb column_padding=\u00bbno-extra-padding\u00bb column_padding_position=\u00bball\u00bb background_color_opacity=\u00bb1&#8243; background_hover_color_opacity=\u00bb1&#8243; background_image=\u00bb2203&#8243; enable_bg_scale=\u00bbtrue\u00bb column_shadow=\u00bbnone\u00bb width=\u00bb1\/3&#8243; tablet_text_alignment=\u00bbdefault\u00bb phone_text_alignment=\u00bbdefault\u00bb column_border_width=\u00bbnone\u00bb column_border_style=\u00bbsolid\u00bb delay=\u00bb300&#8243;][\/vc_column][\/vc_row][vc_row type=\u00bbin_container\u00bb full_screen_row_position=\u00bbmiddle\u00bb bg_color=\u00bb#000000&#8243; scene_position=\u00bbcenter\u00bb text_color=\u00bbdark\u00bb text_align=\u00bbcenter\u00bb overlay_strength=\u00bb0.3&#8243;][vc_column column_padding=\u00bbno-extra-padding\u00bb column_padding_position=\u00bball\u00bb background_color_opacity=\u00bb1&#8243; background_hover_color_opacity=\u00bb1&#8243; column_shadow=\u00bbnone\u00bb width=\u00bb1\/1&#8243; tablet_text_alignment=\u00bbdefault\u00bb phone_text_alignment=\u00bbdefault\u00bb column_border_width=\u00bbnone\u00bb column_border_style=\u00bbsolid\u00bb][vc_raw_html css=\u00bb.vc_custom_1537972726246{padding-top: 50px !important;}\u00bb]JTNDaWZyYW1lJTIwc3JjJTNEJTIyaHR0cCUzQSUyRiUyRm1mcm9sbC5jb20lMkZwaG90b2dyYXBoeSUyRmp1YW5oaXR0ZXJzLmh0bWwlMjIlMjB3aWR0aCUzRCUyMjg1MHB4JTIyJTIwaGVpZ2h0JTNEJTIyNjAwcHglMjIlM0UlM0MlMkZpZnJhbWUlM0U=[\/vc_raw_html][\/vc_column][\/vc_row]","protected":false},"excerpt":{"rendered":"<p>[vc_row type=\u00bbin_container\u00bb full_screen_row_position=\u00bbmiddle\u00bb equal_height=\u00bbyes\u00bb content_placement=\u00bbmiddle\u00bb full_height=\u00bbyes\u00bb columns_placement=\u00bbstretch\u00bb bg_color=\u00bb#ef4035&#8243; scene_position=\u00bbcenter\u00bb text_color=\u00bblight\u00bb text_align=\u00bbleft\u00bb overlay_strength=\u00bb0.3&#8243;][vc_column column_padding=\u00bbpadding-10-percent\u00bb column_padding_position=\u00bball\u00bb background_color_opacity=\u00bb1&#8243; background_hover_color_opacity=\u00bb1&#8243; column_shadow=\u00bbnone\u00bb width=\u00bb2\/3&#8243; tablet_text_alignment=\u00bbdefault\u00bb phone_text_alignment=\u00bbdefault\u00bb column_border_width=\u00bbnone\u00bb column_border_style=\u00bbsolid\u00bb][vc_row_inner column_margin=\u00bbdefault\u00bb text_align=\u00bbleft\u00bb][vc_column_inner enable_animation=\u00bbtrue\u00bb animation=\u00bbfade-in-from-bottom\u00bb column_padding=\u00bbno-extra-padding\u00bb column_padding_position=\u00bball\u00bb background_color_opacity=\u00bb1&#8243; width=\u00bb2\/3&#8243;&#8230;<\/p>\n","protected":false},"author":1,"featured_media":0,"parent":2133,"menu_order":0,"comment_status":"closed","ping_status":"closed","template":"","meta":{"footnotes":""},"class_list":["post-2144","page","type-page","status-publish"],"_links":{"self":[{"href":"http:\/\/mfroll.com\/www\/es\/wp-json\/wp\/v2\/pages\/2144","targetHints":{"allow":["GET"]}}],"collection":[{"href":"http:\/\/mfroll.com\/www\/es\/wp-json\/wp\/v2\/pages"}],"about":[{"href":"http:\/\/mfroll.com\/www\/es\/wp-json\/wp\/v2\/types\/page"}],"author":[{"embeddable":true,"href":"http:\/\/mfroll.com\/www\/es\/wp-json\/wp\/v2\/users\/1"}],"replies":[{"embeddable":true,"href":"http:\/\/mfroll.com\/www\/es\/wp-json\/wp\/v2\/comments?post=2144"}],"version-history":[{"count":13,"href":"http:\/\/mfroll.com\/www\/es\/wp-json\/wp\/v2\/pages\/2144\/revisions"}],"predecessor-version":[{"id":2429,"href":"http:\/\/mfroll.com\/www\/es\/wp-json\/wp\/v2\/pages\/2144\/revisions\/2429"}],"up":[{"embeddable":true,"href":"http:\/\/mfroll.com\/www\/es\/wp-json\/wp\/v2\/pages\/2133"}],"wp:attachment":[{"href":"http:\/\/mfroll.com\/www\/es\/wp-json\/wp\/v2\/media?parent=2144"}],"curies":[{"name":"wp","href":"https:\/\/api.w.org\/{rel}","templated":true}]}}